{"id":31,"date":"2019-02-22T11:59:30","date_gmt":"2019-02-22T10:59:30","guid":{"rendered":"http:\/\/et-consulting.info\/?page_id=31"},"modified":"2022-03-29T09:31:22","modified_gmt":"2022-03-29T07:31:22","slug":"licht","status":"publish","type":"page","link":"https:\/\/et-consulting.info\/?page_id=31","title":{"rendered":"\u00dcber uns"},"content":{"rendered":"<div id='layer_slider_1'  class='avia-layerslider main_color avia-shadow  avia-builder-el-0  el_before_av_section  avia-builder-el-first  container_wrap sidebar_right'  style='height: 301px; max-width: 1010px; margin: 0 auto;'  ><\/div>\n<div id='av_section_1'  class='avia-section av-24dmi-181d2efc064711fcc79fe72d20913ad1 main_color avia-section-default avia-no-border-styling  avia-builder-el-1  el_after_av_layerslider  avia-builder-el-last  avia-bg-style-scroll container_wrap sidebar_right'  ><div class='container av-section-cont-open' ><div class='template-page content  av-content-small alpha units'><div class='post-entry post-entry-type-page post-entry-31'><div class='entry-content-wrapper clearfix'>\n\n<style type=\"text\/css\" data-created_by=\"avia_inline_auto\" id=\"style-css-av-1fonq-34f24bfa01f5c1cec7ebb871309bf86f\">\n.flex_column.av-1fonq-34f24bfa01f5c1cec7ebb871309bf86f{\n-webkit-border-radius:0px 0px 0px 0px;\n-moz-border-radius:0px 0px 0px 0px;\nborder-radius:0px 0px 0px 0px;\npadding:0px 0px 0px 0px;\n}\n<\/style>\n<div class='flex_column av-1fonq-34f24bfa01f5c1cec7ebb871309bf86f av_one_full  avia-builder-el-2  el_before_av_one_half  avia-builder-el-first  first flex_column_div av-zero-column-padding '     ><p>\n<style type=\"text\/css\" data-created_by=\"avia_inline_auto\" id=\"style-css-av-av_heading-a5c9e18774358def2562a301b6de2047\">\n#top .av-special-heading.av-av_heading-a5c9e18774358def2562a301b6de2047{\npadding-bottom:10px;\n}\nbody .av-special-heading.av-av_heading-a5c9e18774358def2562a301b6de2047 .av-special-heading-tag .heading-char{\nfont-size:25px;\n}\n.av-special-heading.av-av_heading-a5c9e18774358def2562a301b6de2047 .av-subheading{\nfont-size:15px;\n}\n<\/style>\n<div  class='av-special-heading av-av_heading-a5c9e18774358def2562a301b6de2047 av-special-heading-h1 blockquote modern-quote  avia-builder-el-3  el_before_av_textblock  avia-builder-el-first '><h1 class='av-special-heading-tag'  itemprop=\"headline\"  >\u00dcber uns<\/h1><div class=\"special-heading-border\"><div class=\"special-heading-inner-border\"><\/div><\/div><\/div><br \/>\n<section  class='av_textblock_section av-3n6m-55b1c21432b067043919ababe0ca2cb2'  itemscope=\"itemscope\" itemtype=\"https:\/\/schema.org\/CreativeWork\" ><div class='avia_textblock'  itemprop=\"text\" ><h2>E&amp;T Consulting &#8211; LED-Screen Werksvertretungen<\/h2>\n<\/div><\/section><\/p><\/div>\n<style type=\"text\/css\" data-created_by=\"avia_inline_auto\" id=\"style-css-av-23py7-cbf2613f81b4da6fbb03a57397374ec5\">\n.flex_column.av-23py7-cbf2613f81b4da6fbb03a57397374ec5{\n-webkit-border-radius:0px 0px 0px 0px;\n-moz-border-radius:0px 0px 0px 0px;\nborder-radius:0px 0px 0px 0px;\npadding:0px 0px 0px 0px;\n}\n<\/style>\n<div class='flex_column av-23py7-cbf2613f81b4da6fbb03a57397374ec5 av_one_half  avia-builder-el-5  el_after_av_one_full  el_before_av_one_half  first flex_column_div av-zero-column-padding column-top-margin'     ><p><section  class='av_textblock_section av-k34h1p1o-551dcdb4f1b272060982705fb111cfa6'  itemscope=\"itemscope\" itemtype=\"https:\/\/schema.org\/CreativeWork\" ><div class='avia_textblock'  itemprop=\"text\" ><p><img loading=\"lazy\" class=\"alignnone size-medium wp-image-194\" src=\"https:\/\/et-consulting.info\/wp-content\/uploads\/2019\/11\/Kerstin-und-Ruediger-Mueller-230x300.jpg\" alt=\"\" width=\"230\" height=\"300\" srcset=\"https:\/\/et-consulting.info\/wp-content\/uploads\/2019\/11\/Kerstin-und-Ruediger-Mueller-230x300.jpg 230w, https:\/\/et-consulting.info\/wp-content\/uploads\/2019\/11\/Kerstin-und-Ruediger-Mueller-768x1002.jpg 768w, https:\/\/et-consulting.info\/wp-content\/uploads\/2019\/11\/Kerstin-und-Ruediger-Mueller-790x1030.jpg 790w, https:\/\/et-consulting.info\/wp-content\/uploads\/2019\/11\/Kerstin-und-Ruediger-Mueller-541x705.jpg 541w, https:\/\/et-consulting.info\/wp-content\/uploads\/2019\/11\/Kerstin-und-Ruediger-Mueller-450x587.jpg 450w, https:\/\/et-consulting.info\/wp-content\/uploads\/2019\/11\/Kerstin-und-Ruediger-Mueller.jpg 920w\" sizes=\"(max-width: 230px) 100vw, 230px\" \/><\/p>\n<\/div><\/section><br \/>\n<section  class='av_textblock_section av-k34h4my1-4533a3724603b4370984bddfc3b222ed'  itemscope=\"itemscope\" itemtype=\"https:\/\/schema.org\/CreativeWork\" ><div class='avia_textblock'  itemprop=\"text\" ><h3>Kerstin und R\u00fcdiger M\u00fcller<\/h3>\n<ul style=\"list-style-type: circle;\">\n<li>Seit 1988 ein Paar und seit 1994 verheiratet<\/li>\n<li>Von 2006 bis 2008 in China an der Entwicklung von LED-Screens f\u00fcr den Europ\u00e4ischen Markt beteiligt<\/li>\n<li>Auf Wunsch eines der besten Herstellers: ab 2016 Werksvertreter in Deutschland<\/li>\n<li>Seit 2017 Vermittlung von Produkten direkt an das Werk &#8211; somit ist KEIN Zwischenhandel n\u00f6tig<\/li>\n<\/ul>\n<p>Weitere Informationen zu R\u00fcdiger M\u00fcller siehe u.a.:<br \/>\n<a title=\"\" href=\"https:\/\/de.wikipedia.org\/wiki\/Tarm_Center\" target=\"_blank\" rel=\"noopener noreferrer\">Wickipedia: Tarm Center Bochum<\/a><br \/>\nYoutube: Tarm Lasertechnik Bochum<\/p>\n<\/div><\/section><\/p><\/div>\n<style type=\"text\/css\" data-created_by=\"avia_inline_auto\" id=\"style-css-av-162dj-438ad94edab07fec03a9f1ab547d4a89\">\n.flex_column.av-162dj-438ad94edab07fec03a9f1ab547d4a89{\n-webkit-border-radius:0px 0px 0px 0px;\n-moz-border-radius:0px 0px 0px 0px;\nborder-radius:0px 0px 0px 0px;\npadding:0px 0px 0px 0px;\n}\n<\/style>\n<div class='flex_column av-162dj-438ad94edab07fec03a9f1ab547d4a89 av_one_half  avia-builder-el-8  el_after_av_one_half  el_before_av_one_third  flex_column_div av-zero-column-padding column-top-margin'     ><p><section  class='av_textblock_section av-k34h1p1o-551dcdb4f1b272060982705fb111cfa6'  itemscope=\"itemscope\" itemtype=\"https:\/\/schema.org\/CreativeWork\" ><div class='avia_textblock'  itemprop=\"text\" ><p><img loading=\"lazy\" class=\"alignnone size-medium wp-image-179\" src=\"https:\/\/et-consulting.info\/wp-content\/uploads\/2019\/11\/Unsere-Vertrauten-in-China-225x300.jpg\" alt=\"\" width=\"225\" height=\"300\" srcset=\"https:\/\/et-consulting.info\/wp-content\/uploads\/2019\/11\/Unsere-Vertrauten-in-China-225x300.jpg 225w, https:\/\/et-consulting.info\/wp-content\/uploads\/2019\/11\/Unsere-Vertrauten-in-China-768x1024.jpg 768w, https:\/\/et-consulting.info\/wp-content\/uploads\/2019\/11\/Unsere-Vertrauten-in-China-773x1030.jpg 773w, https:\/\/et-consulting.info\/wp-content\/uploads\/2019\/11\/Unsere-Vertrauten-in-China-529x705.jpg 529w, https:\/\/et-consulting.info\/wp-content\/uploads\/2019\/11\/Unsere-Vertrauten-in-China-450x600.jpg 450w, https:\/\/et-consulting.info\/wp-content\/uploads\/2019\/11\/Unsere-Vertrauten-in-China.jpg 900w\" sizes=\"(max-width: 225px) 100vw, 225px\" \/><\/p>\n<\/div><\/section><br \/>\n<section  class='av_textblock_section av-k34h4my1-4533a3724603b4370984bddfc3b222ed'  itemscope=\"itemscope\" itemtype=\"https:\/\/schema.org\/CreativeWork\" ><div class='avia_textblock'  itemprop=\"text\" ><h3>Unsere Vertrauten in China<\/h3>\n<p>Das wichtigste bei Gesch\u00e4ften mit allen chinesischen Partnern sind Vertraute, weclhe die Landessprache und Deutsch sprechen. Lisa und ihr Mann Gergo sind unsere Vertrauten in China und \u00fcbernehmen alle wichtigen Dinge wie:<\/p>\n<ul style=\"list-style-type: circle;\">\n<li>Korrespondenzen<\/li>\n<li>Qualit\u00e4tskontrolle<\/li>\n<li>Verpackung<\/li>\n<li>\u00dcbergabe an den Spediteur u.v.m.<\/li>\n<\/ul>\n<\/div><\/section><\/p><\/div>\n<style type=\"text\/css\" data-created_by=\"avia_inline_auto\" id=\"style-css-av-1jdxf-e9cd8239ed699fdf3d2e4d2d90826d8e\">\n.flex_column.av-1jdxf-e9cd8239ed699fdf3d2e4d2d90826d8e{\n-webkit-border-radius:0px 0px 0px 0px;\n-moz-border-radius:0px 0px 0px 0px;\nborder-radius:0px 0px 0px 0px;\npadding:0px 0px 0px 0px;\n}\n<\/style>\n<div class='flex_column av-1jdxf-e9cd8239ed699fdf3d2e4d2d90826d8e av_one_third  avia-builder-el-11  el_after_av_one_half  el_before_av_one_third  first flex_column_div av-zero-column-padding column-top-margin'     ><section  class='av_textblock_section av-k34h4my1-4533a3724603b4370984bddfc3b222ed'  itemscope=\"itemscope\" itemtype=\"https:\/\/schema.org\/CreativeWork\" ><div class='avia_textblock'  itemprop=\"text\" ><h3>B\u00fcro in Deutschland<\/h3>\n<p>Als Werksvertreter in Deutschland ben\u00f6tigen wir keine gro\u00dfen und teuren R\u00e4umlichkeiten.<br \/>\nJegliche Ausgaben erh\u00f6hen nur unn\u00f6tig den Kaufpreis unserer Produkte.<\/p>\n<\/div><\/section><br \/>\n<section  class='av_textblock_section av-k34h4my1-4533a3724603b4370984bddfc3b222ed'  itemscope=\"itemscope\" itemtype=\"https:\/\/schema.org\/CreativeWork\" ><div class='avia_textblock'  itemprop=\"text\" ><p><img loading=\"lazy\" class=\"alignnone wp-image-259 size-medium\" src=\"https:\/\/et-consulting.info\/wp-content\/uploads\/2022\/03\/B\u00fcro-Deutschland-300x225.jpg\" alt=\"\" width=\"300\" height=\"225\" srcset=\"https:\/\/et-consulting.info\/wp-content\/uploads\/2022\/03\/B\u00fcro-Deutschland-300x225.jpg 300w, https:\/\/et-consulting.info\/wp-content\/uploads\/2022\/03\/B\u00fcro-Deutschland-768x576.jpg 768w, https:\/\/et-consulting.info\/wp-content\/uploads\/2022\/03\/B\u00fcro-Deutschland-1030x773.jpg 1030w, https:\/\/et-consulting.info\/wp-content\/uploads\/2022\/03\/B\u00fcro-Deutschland-1500x1125.jpg 1500w, https:\/\/et-consulting.info\/wp-content\/uploads\/2022\/03\/B\u00fcro-Deutschland-705x529.jpg 705w, https:\/\/et-consulting.info\/wp-content\/uploads\/2022\/03\/B\u00fcro-Deutschland-450x338.jpg 450w, https:\/\/et-consulting.info\/wp-content\/uploads\/2022\/03\/B\u00fcro-Deutschland.jpg 1600w\" sizes=\"(max-width: 300px) 100vw, 300px\" \/><\/p>\n<\/div><\/section><\/p><\/div>\n<style type=\"text\/css\" data-created_by=\"avia_inline_auto\" id=\"style-css-av-1jdxf-918a1f45d54c8a991303f4012aa30277\">\n.flex_column.av-1jdxf-918a1f45d54c8a991303f4012aa30277{\n-webkit-border-radius:0px 0px 0px 0px;\n-moz-border-radius:0px 0px 0px 0px;\nborder-radius:0px 0px 0px 0px;\npadding:0px 0px 0px 0px;\n}\n<\/style>\n<div class='flex_column av-1jdxf-918a1f45d54c8a991303f4012aa30277 av_one_third  avia-builder-el-14  el_after_av_one_third  el_before_av_one_third  flex_column_div av-zero-column-padding column-top-margin'     ><\/div>\n<style type=\"text\/css\" data-created_by=\"avia_inline_auto\" id=\"style-css-av-1jdxf-918a1f45d54c8a991303f4012aa30277\">\n.flex_column.av-1jdxf-918a1f45d54c8a991303f4012aa30277{\n-webkit-border-radius:0px 0px 0px 0px;\n-moz-border-radius:0px 0px 0px 0px;\nborder-radius:0px 0px 0px 0px;\npadding:0px 0px 0px 0px;\n}\n<\/style>\n<div class='flex_column av-1jdxf-918a1f45d54c8a991303f4012aa30277 av_one_third  avia-builder-el-15  el_after_av_one_third  avia-builder-el-last  flex_column_div av-zero-column-padding column-top-margin'     ><\/div><\/div><\/div><\/div><!-- close content main div --><\/div><\/div><div id='after_section_1'  class='main_color av_default_container_wrap container_wrap sidebar_right'  ><div class='container av-section-cont-open' ><div class='template-page content  av-content-small alpha units'><div class='post-entry post-entry-type-page post-entry-31'><div class='entry-content-wrapper clearfix'>\n","protected":false},"excerpt":{"rendered":"","protected":false},"author":1,"featured_media":0,"parent":0,"menu_order":10,"comment_status":"closed","ping_status":"closed","template":"","meta":[],"_links":{"self":[{"href":"https:\/\/et-consulting.info\/index.php?rest_route=\/wp\/v2\/pages\/31"}],"collection":[{"href":"https:\/\/et-consulting.info\/index.php?rest_route=\/wp\/v2\/pages"}],"about":[{"href":"https:\/\/et-consulting.info\/index.php?rest_route=\/wp\/v2\/types\/page"}],"author":[{"embeddable":true,"href":"https:\/\/et-consulting.info\/index.php?rest_route=\/wp\/v2\/users\/1"}],"replies":[{"embeddable":true,"href":"https:\/\/et-consulting.info\/index.php?rest_route=%2Fwp%2Fv2%2Fcomments&post=31"}],"version-history":[{"count":18,"href":"https:\/\/et-consulting.info\/index.php?rest_route=\/wp\/v2\/pages\/31\/revisions"}],"predecessor-version":[{"id":261,"href":"https:\/\/et-consulting.info\/index.php?rest_route=\/wp\/v2\/pages\/31\/revisions\/261"}],"wp:attachment":[{"href":"https:\/\/et-consulting.info\/index.php?rest_route=%2Fwp%2Fv2%2Fmedia&parent=31"}],"curies":[{"name":"wp","href":"https:\/\/api.w.org\/{rel}","templated":true}]}}